{"id":1130,"date":"2026-02-28T16:26:47","date_gmt":"2026-02-28T16:26:47","guid":{"rendered":"https:\/\/artfrommei.com\/?page_id=1130"},"modified":"2026-04-05T18:17:34","modified_gmt":"2026-04-05T18:17:34","slug":"tidigare-salda-verk","status":"publish","type":"page","link":"https:\/\/artfrommei.com\/en\/tidigare-salda-verk\/","title":{"rendered":"Tidigare S\u00e5lda Verk"},"content":{"rendered":"<div class=\"wp-block-group alignfull is-style-ext-preset--group--natural-1--section has-background-background-color has-background has-global-padding is-layout-constrained wp-container-core-group-is-layout-e955bbaf wp-block-group-is-layout-constrained\" id=\"evenemang\" style=\"margin-top:0;margin-bottom:0;padding-top:var(--wp--preset--spacing--70);padding-bottom:var(--wp--preset--spacing--70)\">\n<div class=\"wp-block-group alignwide is-vertical is-content-justification-left is-layout-flex wp-container-core-group-is-layout-214d3d4d wp-block-group-is-layout-flex\">\n<div class=\"wp-block-group has-global-padding is-layout-constrained wp-container-core-group-is-layout-2287c683 wp-block-group-is-layout-constrained\">\n<h2 class=\"wp-block-heading\">Tidigare s\u00e5lda m\u00e5lningar<\/h2>\n<\/div>\n<\/div>\n\n\n\n<figure class=\"wp-block-image size-large\"><img loading=\"lazy\" decoding=\"async\" width=\"1024\" height=\"783\" src=\"https:\/\/artfrommei.com\/wp-content\/uploads\/2026\/04\/IMG_20240114_183840_edit_3087874004216-1024x783.jpg\" alt=\"\" class=\"wp-image-1275\" srcset=\"https:\/\/artfrommei.com\/wp-content\/uploads\/2026\/04\/IMG_20240114_183840_edit_3087874004216-1024x783.jpg 1024w, https:\/\/artfrommei.com\/wp-content\/uploads\/2026\/04\/IMG_20240114_183840_edit_3087874004216-300x229.jpg 300w, https:\/\/artfrommei.com\/wp-content\/uploads\/2026\/04\/IMG_20240114_183840_edit_3087874004216-768x587.jpg 768w, https:\/\/artfrommei.com\/wp-content\/uploads\/2026\/04\/IMG_20240114_183840_edit_3087874004216-1536x1174.jpg 1536w, https:\/\/artfrommei.com\/wp-content\/uploads\/2026\/04\/IMG_20240114_183840_edit_3087874004216-2048x1566.jpg 2048w, https:\/\/artfrommei.com\/wp-content\/uploads\/2026\/04\/IMG_20240114_183840_edit_3087874004216-16x12.jpg 16w\" sizes=\"auto, (max-width: 1024px) 100vw, 1024px\" \/><figcaption class=\"wp-element-caption\"><strong>Rosor<\/strong><br><strong><strong>Dimension<\/strong>: 20&#215;30 cm<br>Vit ram: 30&#215;40 cm<br>S\u00e5ld<\/strong><\/figcaption><\/figure>\n\n\n\n<figure class=\"wp-block-image size-large\"><img loading=\"lazy\" decoding=\"async\" width=\"1024\" height=\"759\" src=\"https:\/\/artfrommei.com\/wp-content\/uploads\/2026\/04\/IMG_20240114_183906_edit_3066834075052-1024x759.jpg\" alt=\"\" class=\"wp-image-1277\" srcset=\"https:\/\/artfrommei.com\/wp-content\/uploads\/2026\/04\/IMG_20240114_183906_edit_3066834075052-1024x759.jpg 1024w, https:\/\/artfrommei.com\/wp-content\/uploads\/2026\/04\/IMG_20240114_183906_edit_3066834075052-300x222.jpg 300w, https:\/\/artfrommei.com\/wp-content\/uploads\/2026\/04\/IMG_20240114_183906_edit_3066834075052-768x569.jpg 768w, https:\/\/artfrommei.com\/wp-content\/uploads\/2026\/04\/IMG_20240114_183906_edit_3066834075052-1536x1138.jpg 1536w, https:\/\/artfrommei.com\/wp-content\/uploads\/2026\/04\/IMG_20240114_183906_edit_3066834075052-2048x1518.jpg 2048w, https:\/\/artfrommei.com\/wp-content\/uploads\/2026\/04\/IMG_20240114_183906_edit_3066834075052-16x12.jpg 16w\" sizes=\"auto, (max-width: 1024px) 100vw, 1024px\" \/><figcaption class=\"wp-element-caption\"><strong>Blommor i vas 2<\/strong><br><strong><strong>Dimension<\/strong>: 20&#215;30 cm<br>Vit ram: 30&#215;40 cm<br>S\u00e5ld<\/strong><\/figcaption><\/figure>\n\n\n\n<div class=\"wp-block-columns is-layout-flex wp-container-core-columns-is-layout-28f84493 wp-block-columns-is-layout-flex\">\n<div class=\"wp-block-column is-layout-flow wp-block-column-is-layout-flow\">\n<figure class=\"wp-block-image size-large\"><img loading=\"lazy\" decoding=\"async\" width=\"725\" height=\"1024\" src=\"https:\/\/artfrommei.com\/wp-content\/uploads\/2026\/04\/IMG_20250722_105959-2-725x1024.jpg\" alt=\"\" class=\"wp-image-1304\" srcset=\"https:\/\/artfrommei.com\/wp-content\/uploads\/2026\/04\/IMG_20250722_105959-2-725x1024.jpg 725w, https:\/\/artfrommei.com\/wp-content\/uploads\/2026\/04\/IMG_20250722_105959-2-212x300.jpg 212w, https:\/\/artfrommei.com\/wp-content\/uploads\/2026\/04\/IMG_20250722_105959-2-768x1084.jpg 768w, https:\/\/artfrommei.com\/wp-content\/uploads\/2026\/04\/IMG_20250722_105959-2-1088x1536.jpg 1088w, https:\/\/artfrommei.com\/wp-content\/uploads\/2026\/04\/IMG_20250722_105959-2-1450x2048.jpg 1450w, https:\/\/artfrommei.com\/wp-content\/uploads\/2026\/04\/IMG_20250722_105959-2-8x12.jpg 8w, https:\/\/artfrommei.com\/wp-content\/uploads\/2026\/04\/IMG_20250722_105959-2-scaled.jpg 1813w\" sizes=\"auto, (max-width: 725px) 100vw, 725px\" \/><figcaption class=\"wp-element-caption\"><strong>Sensommar 1<\/strong><\/figcaption><\/figure>\n<\/div>\n\n\n\n<div class=\"wp-block-column is-layout-flow wp-block-column-is-layout-flow\">\n<figure class=\"wp-block-image size-large\"><img loading=\"lazy\" decoding=\"async\" width=\"721\" height=\"1024\" src=\"https:\/\/artfrommei.com\/wp-content\/uploads\/2026\/04\/IMG_20250722_094400_edit_415768146118326-1-721x1024.jpg\" alt=\"\" class=\"wp-image-1305\" srcset=\"https:\/\/artfrommei.com\/wp-content\/uploads\/2026\/04\/IMG_20250722_094400_edit_415768146118326-1-721x1024.jpg 721w, https:\/\/artfrommei.com\/wp-content\/uploads\/2026\/04\/IMG_20250722_094400_edit_415768146118326-1-211x300.jpg 211w, https:\/\/artfrommei.com\/wp-content\/uploads\/2026\/04\/IMG_20250722_094400_edit_415768146118326-1-768x1091.jpg 768w, https:\/\/artfrommei.com\/wp-content\/uploads\/2026\/04\/IMG_20250722_094400_edit_415768146118326-1-1081x1536.jpg 1081w, https:\/\/artfrommei.com\/wp-content\/uploads\/2026\/04\/IMG_20250722_094400_edit_415768146118326-1-1442x2048.jpg 1442w, https:\/\/artfrommei.com\/wp-content\/uploads\/2026\/04\/IMG_20250722_094400_edit_415768146118326-1-8x12.jpg 8w, https:\/\/artfrommei.com\/wp-content\/uploads\/2026\/04\/IMG_20250722_094400_edit_415768146118326-1-scaled.jpg 1802w\" sizes=\"auto, (max-width: 721px) 100vw, 721px\" \/><figcaption class=\"wp-element-caption\"><strong>Sensommar 2<\/strong><\/figcaption><\/figure>\n<\/div>\n<\/div>\n\n\n\n<figure class=\"wp-block-image size-large\"><img loading=\"lazy\" decoding=\"async\" width=\"762\" height=\"1024\" src=\"https:\/\/artfrommei.com\/wp-content\/uploads\/2026\/04\/IMG_20260125_230946_edit_182939081411667-kopia-762x1024.jpg\" alt=\"\" class=\"wp-image-1291\" srcset=\"https:\/\/artfrommei.com\/wp-content\/uploads\/2026\/04\/IMG_20260125_230946_edit_182939081411667-kopia-762x1024.jpg 762w, https:\/\/artfrommei.com\/wp-content\/uploads\/2026\/04\/IMG_20260125_230946_edit_182939081411667-kopia-223x300.jpg 223w, https:\/\/artfrommei.com\/wp-content\/uploads\/2026\/04\/IMG_20260125_230946_edit_182939081411667-kopia-768x1032.jpg 768w, https:\/\/artfrommei.com\/wp-content\/uploads\/2026\/04\/IMG_20260125_230946_edit_182939081411667-kopia-1143x1536.jpg 1143w, https:\/\/artfrommei.com\/wp-content\/uploads\/2026\/04\/IMG_20260125_230946_edit_182939081411667-kopia-1524x2048.jpg 1524w, https:\/\/artfrommei.com\/wp-content\/uploads\/2026\/04\/IMG_20260125_230946_edit_182939081411667-kopia-9x12.jpg 9w, https:\/\/artfrommei.com\/wp-content\/uploads\/2026\/04\/IMG_20260125_230946_edit_182939081411667-kopia.jpg 1810w\" sizes=\"auto, (max-width: 762px) 100vw, 762px\" \/><figcaption class=\"wp-element-caption\"><strong>P\u00e4ron<\/strong><br><strong><strong>Dimension<\/strong>: 14\u00d720 cm<br>Tr\u00e4ram: 21\u00d730 cm<br>S\u00e5ld<\/strong><\/figcaption><\/figure>\n\n\n\n<div class=\"wp-block-columns is-layout-flex wp-container-core-columns-is-layout-28f84493 wp-block-columns-is-layout-flex\">\n<div class=\"wp-block-column is-layout-flow wp-block-column-is-layout-flow\">\n<figure class=\"wp-block-image size-large\"><img loading=\"lazy\" decoding=\"async\" width=\"1024\" height=\"994\" src=\"https:\/\/artfrommei.com\/wp-content\/uploads\/2026\/04\/IMG_20260303_114118_edit_120110909207192_copy-1024x994.jpg\" alt=\"\" class=\"wp-image-1297\" srcset=\"https:\/\/artfrommei.com\/wp-content\/uploads\/2026\/04\/IMG_20260303_114118_edit_120110909207192_copy-1024x994.jpg 1024w, https:\/\/artfrommei.com\/wp-content\/uploads\/2026\/04\/IMG_20260303_114118_edit_120110909207192_copy-300x291.jpg 300w, https:\/\/artfrommei.com\/wp-content\/uploads\/2026\/04\/IMG_20260303_114118_edit_120110909207192_copy-768x745.jpg 768w, https:\/\/artfrommei.com\/wp-content\/uploads\/2026\/04\/IMG_20260303_114118_edit_120110909207192_copy-12x12.jpg 12w, https:\/\/artfrommei.com\/wp-content\/uploads\/2026\/04\/IMG_20260303_114118_edit_120110909207192_copy.jpg 1394w\" sizes=\"auto, (max-width: 1024px) 100vw, 1024px\" \/><figcaption class=\"wp-element-caption\"><strong>Tr\u00e4d 1<\/strong><\/figcaption><\/figure>\n<\/div>\n\n\n\n<div class=\"wp-block-column is-layout-flow wp-block-column-is-layout-flow\">\n<figure class=\"wp-block-image size-large\"><img loading=\"lazy\" decoding=\"async\" width=\"1024\" height=\"989\" src=\"https:\/\/artfrommei.com\/wp-content\/uploads\/2026\/04\/IMG_20251002_105932_edit_94354359186642-4-1024x989.jpg\" alt=\"\" class=\"wp-image-1302\" srcset=\"https:\/\/artfrommei.com\/wp-content\/uploads\/2026\/04\/IMG_20251002_105932_edit_94354359186642-4-1024x989.jpg 1024w, https:\/\/artfrommei.com\/wp-content\/uploads\/2026\/04\/IMG_20251002_105932_edit_94354359186642-4-300x290.jpg 300w, https:\/\/artfrommei.com\/wp-content\/uploads\/2026\/04\/IMG_20251002_105932_edit_94354359186642-4-768x742.jpg 768w, https:\/\/artfrommei.com\/wp-content\/uploads\/2026\/04\/IMG_20251002_105932_edit_94354359186642-4-1536x1484.jpg 1536w, https:\/\/artfrommei.com\/wp-content\/uploads\/2026\/04\/IMG_20251002_105932_edit_94354359186642-4-2048x1978.jpg 2048w, https:\/\/artfrommei.com\/wp-content\/uploads\/2026\/04\/IMG_20251002_105932_edit_94354359186642-4-12x12.jpg 12w\" sizes=\"auto, (max-width: 1024px) 100vw, 1024px\" \/><figcaption class=\"wp-element-caption\"><strong>Tr\u00e4d 2<\/strong><\/figcaption><\/figure>\n<\/div>\n<\/div>\n\n\n\n<figure class=\"wp-block-image size-large\"><img loading=\"lazy\" decoding=\"async\" width=\"1024\" height=\"629\" src=\"https:\/\/artfrommei.com\/wp-content\/uploads\/2026\/04\/IMG_20260224_150132_edit_954714958853276-1024x629.jpg\" alt=\"\" class=\"wp-image-1308\" srcset=\"https:\/\/artfrommei.com\/wp-content\/uploads\/2026\/04\/IMG_20260224_150132_edit_954714958853276-1024x629.jpg 1024w, https:\/\/artfrommei.com\/wp-content\/uploads\/2026\/04\/IMG_20260224_150132_edit_954714958853276-300x184.jpg 300w, https:\/\/artfrommei.com\/wp-content\/uploads\/2026\/04\/IMG_20260224_150132_edit_954714958853276-768x472.jpg 768w, https:\/\/artfrommei.com\/wp-content\/uploads\/2026\/04\/IMG_20260224_150132_edit_954714958853276-1536x944.jpg 1536w, https:\/\/artfrommei.com\/wp-content\/uploads\/2026\/04\/IMG_20260224_150132_edit_954714958853276-2048x1259.jpg 2048w, https:\/\/artfrommei.com\/wp-content\/uploads\/2026\/04\/IMG_20260224_150132_edit_954714958853276-18x12.jpg 18w\" sizes=\"auto, (max-width: 1024px) 100vw, 1024px\" \/><figcaption class=\"wp-element-caption\">Tr\u00e4d<\/figcaption><\/figure>\n\n\n\n<figure class=\"wp-block-image size-large\"><img loading=\"lazy\" decoding=\"async\" width=\"1024\" height=\"920\" src=\"https:\/\/artfrommei.com\/wp-content\/uploads\/2026\/04\/IMG_20260224_154646-3-1024x920.jpg\" alt=\"\" class=\"wp-image-1316\" srcset=\"https:\/\/artfrommei.com\/wp-content\/uploads\/2026\/04\/IMG_20260224_154646-3-1024x920.jpg 1024w, https:\/\/artfrommei.com\/wp-content\/uploads\/2026\/04\/IMG_20260224_154646-3-300x269.jpg 300w, https:\/\/artfrommei.com\/wp-content\/uploads\/2026\/04\/IMG_20260224_154646-3-768x690.jpg 768w, https:\/\/artfrommei.com\/wp-content\/uploads\/2026\/04\/IMG_20260224_154646-3-1536x1379.jpg 1536w, https:\/\/artfrommei.com\/wp-content\/uploads\/2026\/04\/IMG_20260224_154646-3-2048x1839.jpg 2048w, https:\/\/artfrommei.com\/wp-content\/uploads\/2026\/04\/IMG_20260224_154646-3-13x12.jpg 13w\" sizes=\"auto, (max-width: 1024px) 100vw, 1024px\" \/><\/figure>\n\n\n\n<figure class=\"wp-block-image aligncenter size-large is-resized\"><img loading=\"lazy\" decoding=\"async\" width=\"728\" height=\"1024\" src=\"https:\/\/artfrommei.com\/wp-content\/uploads\/2026\/02\/IMG_20250111_165033_edit_19894875832901-15-728x1024.jpg\" alt=\"\" class=\"wp-image-588\" style=\"aspect-ratio:0.7109465401527424;width:604px;height:auto\" srcset=\"https:\/\/artfrommei.com\/wp-content\/uploads\/2026\/02\/IMG_20250111_165033_edit_19894875832901-15-728x1024.jpg 728w, https:\/\/artfrommei.com\/wp-content\/uploads\/2026\/02\/IMG_20250111_165033_edit_19894875832901-15-213x300.jpg 213w, https:\/\/artfrommei.com\/wp-content\/uploads\/2026\/02\/IMG_20250111_165033_edit_19894875832901-15-768x1081.jpg 768w, https:\/\/artfrommei.com\/wp-content\/uploads\/2026\/02\/IMG_20250111_165033_edit_19894875832901-15-1091x1536.jpg 1091w, https:\/\/artfrommei.com\/wp-content\/uploads\/2026\/02\/IMG_20250111_165033_edit_19894875832901-15-1455x2048.jpg 1455w, https:\/\/artfrommei.com\/wp-content\/uploads\/2026\/02\/IMG_20250111_165033_edit_19894875832901-15-9x12.jpg 9w, https:\/\/artfrommei.com\/wp-content\/uploads\/2026\/02\/IMG_20250111_165033_edit_19894875832901-15-scaled.jpg 1819w\" sizes=\"auto, (max-width: 728px) 100vw, 728px\" \/><figcaption class=\"wp-element-caption\"><strong>Solnedg\u00e5ng<\/strong><br><strong>Dimension: 30&#215;40 cm<br>Vit ram: 40&#215;50 cm<br>S\u00e5ld<\/strong><\/figcaption><\/figure>\n\n\n\n<figure class=\"wp-block-image size-large\"><img loading=\"lazy\" decoding=\"async\" width=\"1024\" height=\"789\" src=\"https:\/\/artfrommei.com\/wp-content\/uploads\/2026\/02\/IMG_20250106_120743_edit_143403873791137-6-1024x789.jpg\" alt=\"\" class=\"wp-image-573\" srcset=\"https:\/\/artfrommei.com\/wp-content\/uploads\/2026\/02\/IMG_20250106_120743_edit_143403873791137-6-1024x789.jpg 1024w, https:\/\/artfrommei.com\/wp-content\/uploads\/2026\/02\/IMG_20250106_120743_edit_143403873791137-6-300x231.jpg 300w, https:\/\/artfrommei.com\/wp-content\/uploads\/2026\/02\/IMG_20250106_120743_edit_143403873791137-6-768x592.jpg 768w, https:\/\/artfrommei.com\/wp-content\/uploads\/2026\/02\/IMG_20250106_120743_edit_143403873791137-6-1536x1183.jpg 1536w, https:\/\/artfrommei.com\/wp-content\/uploads\/2026\/02\/IMG_20250106_120743_edit_143403873791137-6-2048x1578.jpg 2048w, https:\/\/artfrommei.com\/wp-content\/uploads\/2026\/02\/IMG_20250106_120743_edit_143403873791137-6-16x12.jpg 16w\" sizes=\"auto, (max-width: 1024px) 100vw, 1024px\" \/><figcaption class=\"wp-element-caption\"><strong>Nypon 2<\/strong><br><strong><strong>Dimension<\/strong>: 20&#215;30 cm<br>Vit ram: 30&#215;40 cm<br>S\u00e5ld<\/strong><\/figcaption><\/figure>\n\n\n\n<figure class=\"wp-block-image size-large\"><img loading=\"lazy\" decoding=\"async\" width=\"1024\" height=\"768\" src=\"https:\/\/artfrommei.com\/wp-content\/uploads\/2026\/02\/IMG_20250106_120642-2-1024x768.jpg\" alt=\"\" class=\"wp-image-595\" srcset=\"https:\/\/artfrommei.com\/wp-content\/uploads\/2026\/02\/IMG_20250106_120642-2-1024x768.jpg 1024w, https:\/\/artfrommei.com\/wp-content\/uploads\/2026\/02\/IMG_20250106_120642-2-300x225.jpg 300w, https:\/\/artfrommei.com\/wp-content\/uploads\/2026\/02\/IMG_20250106_120642-2-768x576.jpg 768w, https:\/\/artfrommei.com\/wp-content\/uploads\/2026\/02\/IMG_20250106_120642-2-1536x1152.jpg 1536w, https:\/\/artfrommei.com\/wp-content\/uploads\/2026\/02\/IMG_20250106_120642-2-2048x1536.jpg 2048w, https:\/\/artfrommei.com\/wp-content\/uploads\/2026\/02\/IMG_20250106_120642-2-16x12.jpg 16w\" sizes=\"auto, (max-width: 1024px) 100vw, 1024px\" \/><figcaption class=\"wp-element-caption\"><strong>Nypon 4<br><strong>Dimension<\/strong>: 19&#215;24 cm<br>Vit <strong>passepartout<\/strong>: 25&#215;28 cm<br>S\u00e5ld<\/strong><\/figcaption><\/figure>\n\n\n\n<figure class=\"wp-block-image size-large\"><img loading=\"lazy\" decoding=\"async\" width=\"1024\" height=\"718\" src=\"https:\/\/artfrommei.com\/wp-content\/uploads\/2026\/02\/IMG_20240114_182641_edit_3366124347402-7-1024x718.jpg\" alt=\"\" class=\"wp-image-578\" srcset=\"https:\/\/artfrommei.com\/wp-content\/uploads\/2026\/02\/IMG_20240114_182641_edit_3366124347402-7-1024x718.jpg 1024w, https:\/\/artfrommei.com\/wp-content\/uploads\/2026\/02\/IMG_20240114_182641_edit_3366124347402-7-300x210.jpg 300w, https:\/\/artfrommei.com\/wp-content\/uploads\/2026\/02\/IMG_20240114_182641_edit_3366124347402-7-768x538.jpg 768w, https:\/\/artfrommei.com\/wp-content\/uploads\/2026\/02\/IMG_20240114_182641_edit_3366124347402-7-1536x1077.jpg 1536w, https:\/\/artfrommei.com\/wp-content\/uploads\/2026\/02\/IMG_20240114_182641_edit_3366124347402-7-2048x1436.jpg 2048w, https:\/\/artfrommei.com\/wp-content\/uploads\/2026\/02\/IMG_20240114_182641_edit_3366124347402-7-18x12.jpg 18w\" sizes=\"auto, (max-width: 1024px) 100vw, 1024px\" \/><figcaption class=\"wp-element-caption\"><strong>Bj\u00f6rn\u00f6<\/strong><br><strong>Dimension: 30&#215;40 cm<br>Vit ram: 40&#215;50 cm<br>S\u00e5ld<\/strong><\/figcaption><\/figure>\n\n\n\n<figure class=\"wp-block-image size-large\"><img loading=\"lazy\" decoding=\"async\" width=\"1024\" height=\"701\" src=\"https:\/\/artfrommei.com\/wp-content\/uploads\/2026\/02\/IMG_20250222_094339_edit_524810605497520-kopia-5-1024x701.jpg\" alt=\"\" class=\"wp-image-581\" srcset=\"https:\/\/artfrommei.com\/wp-content\/uploads\/2026\/02\/IMG_20250222_094339_edit_524810605497520-kopia-5-1024x701.jpg 1024w, https:\/\/artfrommei.com\/wp-content\/uploads\/2026\/02\/IMG_20250222_094339_edit_524810605497520-kopia-5-300x205.jpg 300w, https:\/\/artfrommei.com\/wp-content\/uploads\/2026\/02\/IMG_20250222_094339_edit_524810605497520-kopia-5-768x526.jpg 768w, https:\/\/artfrommei.com\/wp-content\/uploads\/2026\/02\/IMG_20250222_094339_edit_524810605497520-kopia-5-1536x1052.jpg 1536w, https:\/\/artfrommei.com\/wp-content\/uploads\/2026\/02\/IMG_20250222_094339_edit_524810605497520-kopia-5-2048x1403.jpg 2048w, https:\/\/artfrommei.com\/wp-content\/uploads\/2026\/02\/IMG_20250222_094339_edit_524810605497520-kopia-5-18x12.jpg 18w\" sizes=\"auto, (max-width: 1024px) 100vw, 1024px\" \/><figcaption class=\"wp-element-caption\"><strong>Tillbaka<\/strong><br><strong>Dimension: 20&#215;30 cm<br>Vit ram: 30&#215;40 cm<br>S\u00e5ld<\/strong><\/figcaption><\/figure>\n\n\n\n<figure class=\"wp-block-image aligncenter size-large is-resized\"><img loading=\"lazy\" decoding=\"async\" width=\"729\" height=\"1024\" src=\"https:\/\/artfrommei.com\/wp-content\/uploads\/2026\/02\/IMG_20240114_182712_edit_3311998364598-6-729x1024.jpg\" alt=\"\" class=\"wp-image-592\" style=\"aspect-ratio:0.7109465401527424;width:513px;height:auto\" srcset=\"https:\/\/artfrommei.com\/wp-content\/uploads\/2026\/02\/IMG_20240114_182712_edit_3311998364598-6-729x1024.jpg 729w, https:\/\/artfrommei.com\/wp-content\/uploads\/2026\/02\/IMG_20240114_182712_edit_3311998364598-6-214x300.jpg 214w, https:\/\/artfrommei.com\/wp-content\/uploads\/2026\/02\/IMG_20240114_182712_edit_3311998364598-6-768x1078.jpg 768w, https:\/\/artfrommei.com\/wp-content\/uploads\/2026\/02\/IMG_20240114_182712_edit_3311998364598-6-1094x1536.jpg 1094w, https:\/\/artfrommei.com\/wp-content\/uploads\/2026\/02\/IMG_20240114_182712_edit_3311998364598-6-1459x2048.jpg 1459w, https:\/\/artfrommei.com\/wp-content\/uploads\/2026\/02\/IMG_20240114_182712_edit_3311998364598-6-9x12.jpg 9w, https:\/\/artfrommei.com\/wp-content\/uploads\/2026\/02\/IMG_20240114_182712_edit_3311998364598-6-scaled.jpg 1823w\" sizes=\"auto, (max-width: 729px) 100vw, 729px\" \/><figcaption class=\"wp-element-caption\"><strong>H\u00f6stl\u00f6v 1<\/strong><br><strong>Dimension: 20&#215;30 cm<br>Vit ram: 30&#215;40 cm<br>S\u00e5ld<\/strong><\/figcaption><\/figure>\n\n\n\n<figure class=\"wp-block-image aligncenter size-large is-resized\"><img loading=\"lazy\" decoding=\"async\" width=\"703\" height=\"1024\" src=\"https:\/\/artfrommei.com\/wp-content\/uploads\/2026\/02\/Screenshot_20260226_102040_com.android.gallery3d-4-703x1024.jpg\" alt=\"\" class=\"wp-image-788\" style=\"aspect-ratio:0.6865242792835935;width:487px;height:auto\" srcset=\"https:\/\/artfrommei.com\/wp-content\/uploads\/2026\/02\/Screenshot_20260226_102040_com.android.gallery3d-4-703x1024.jpg 703w, https:\/\/artfrommei.com\/wp-content\/uploads\/2026\/02\/Screenshot_20260226_102040_com.android.gallery3d-4-206x300.jpg 206w, https:\/\/artfrommei.com\/wp-content\/uploads\/2026\/02\/Screenshot_20260226_102040_com.android.gallery3d-4-768x1119.jpg 768w, https:\/\/artfrommei.com\/wp-content\/uploads\/2026\/02\/Screenshot_20260226_102040_com.android.gallery3d-4-1055x1536.jpg 1055w, https:\/\/artfrommei.com\/wp-content\/uploads\/2026\/02\/Screenshot_20260226_102040_com.android.gallery3d-4-8x12.jpg 8w, https:\/\/artfrommei.com\/wp-content\/uploads\/2026\/02\/Screenshot_20260226_102040_com.android.gallery3d-4.jpg 1080w\" sizes=\"auto, (max-width: 703px) 100vw, 703px\" \/><figcaption class=\"wp-element-caption\"><strong>B\u00e4ck vid bj\u00f6rk<\/strong><br><strong>Dimension: 20&#215;30 cm<br>Vit ram: 30&#215;40 cm<br>S\u00e5ld<\/strong><\/figcaption><\/figure>\n\n\n\n<figure class=\"wp-block-image size-large\"><img loading=\"lazy\" decoding=\"async\" width=\"853\" height=\"1024\" src=\"https:\/\/artfrommei.com\/wp-content\/uploads\/2026\/02\/Screenshot_20260226_102032_com.android.gallery3d-853x1024.jpg\" alt=\"\" class=\"wp-image-789\" srcset=\"https:\/\/artfrommei.com\/wp-content\/uploads\/2026\/02\/Screenshot_20260226_102032_com.android.gallery3d-853x1024.jpg 853w, https:\/\/artfrommei.com\/wp-content\/uploads\/2026\/02\/Screenshot_20260226_102032_com.android.gallery3d-250x300.jpg 250w, https:\/\/artfrommei.com\/wp-content\/uploads\/2026\/02\/Screenshot_20260226_102032_com.android.gallery3d-768x922.jpg 768w, https:\/\/artfrommei.com\/wp-content\/uploads\/2026\/02\/Screenshot_20260226_102032_com.android.gallery3d-10x12.jpg 10w, https:\/\/artfrommei.com\/wp-content\/uploads\/2026\/02\/Screenshot_20260226_102032_com.android.gallery3d.jpg 1080w\" sizes=\"auto, (max-width: 853px) 100vw, 853px\" \/><figcaption class=\"wp-element-caption\"><strong>Blommor fr\u00e5n tr\u00e4dg\u00e5rden<\/strong><br><strong>Dimension: 30&#215;40 cm<br>Vit ram: 40&#215;50 cm<br>S\u00e5ld<\/strong><\/figcaption><\/figure>\n\n\n\n<figure class=\"wp-block-image aligncenter size-large\"><img loading=\"lazy\" decoding=\"async\" width=\"777\" height=\"1024\" src=\"https:\/\/artfrommei.com\/wp-content\/uploads\/2026\/02\/Screenshot_20260226_102356_com.android.gallery3d-777x1024.jpg\" alt=\"\" class=\"wp-image-792\" style=\"aspect-ratio:0.7587995553908855\" srcset=\"https:\/\/artfrommei.com\/wp-content\/uploads\/2026\/02\/Screenshot_20260226_102356_com.android.gallery3d-777x1024.jpg 777w, https:\/\/artfrommei.com\/wp-content\/uploads\/2026\/02\/Screenshot_20260226_102356_com.android.gallery3d-228x300.jpg 228w, https:\/\/artfrommei.com\/wp-content\/uploads\/2026\/02\/Screenshot_20260226_102356_com.android.gallery3d-768x1012.jpg 768w, https:\/\/artfrommei.com\/wp-content\/uploads\/2026\/02\/Screenshot_20260226_102356_com.android.gallery3d-9x12.jpg 9w, https:\/\/artfrommei.com\/wp-content\/uploads\/2026\/02\/Screenshot_20260226_102356_com.android.gallery3d.jpg 1077w\" sizes=\"auto, (max-width: 777px) 100vw, 777px\" \/><figcaption class=\"wp-element-caption\"><strong>Rosor utanf\u00f6r f\u00f6nster<\/strong><br><strong>Dimension: 20&#215;30 cm<br>S\u00e5ld<\/strong><\/figcaption><\/figure>\n\n\n\n<figure class=\"wp-block-image size-full\"><img loading=\"lazy\" decoding=\"async\" width=\"1014\" height=\"761\" src=\"https:\/\/artfrommei.com\/wp-content\/uploads\/2026\/02\/Screenshot_20260225_201359.jpg\" alt=\"\" class=\"wp-image-798\" srcset=\"https:\/\/artfrommei.com\/wp-content\/uploads\/2026\/02\/Screenshot_20260225_201359.jpg 1014w, https:\/\/artfrommei.com\/wp-content\/uploads\/2026\/02\/Screenshot_20260225_201359-300x225.jpg 300w, https:\/\/artfrommei.com\/wp-content\/uploads\/2026\/02\/Screenshot_20260225_201359-768x576.jpg 768w, https:\/\/artfrommei.com\/wp-content\/uploads\/2026\/02\/Screenshot_20260225_201359-16x12.jpg 16w\" sizes=\"auto, (max-width: 1014px) 100vw, 1014px\" \/><figcaption class=\"wp-element-caption\"><strong>H\u00f6st i skogen<\/strong><br><strong>(Akrylm\u00e5lning)<\/strong><br><strong>Dimension: 80&#215;100 cm<br>S\u00e5ld<\/strong><\/figcaption><\/figure>\n\n\n\n<figure class=\"wp-block-image aligncenter size-large is-resized\"><img loading=\"lazy\" decoding=\"async\" width=\"698\" height=\"1024\" src=\"https:\/\/artfrommei.com\/wp-content\/uploads\/2026\/02\/Screenshot_20260226_102447_com.android.gallery3d-698x1024.jpg\" alt=\"\" class=\"wp-image-797\" style=\"aspect-ratio:0.681649602180873;width:498px;height:auto\" srcset=\"https:\/\/artfrommei.com\/wp-content\/uploads\/2026\/02\/Screenshot_20260226_102447_com.android.gallery3d-698x1024.jpg 698w, https:\/\/artfrommei.com\/wp-content\/uploads\/2026\/02\/Screenshot_20260226_102447_com.android.gallery3d-205x300.jpg 205w, https:\/\/artfrommei.com\/wp-content\/uploads\/2026\/02\/Screenshot_20260226_102447_com.android.gallery3d-768x1126.jpg 768w, https:\/\/artfrommei.com\/wp-content\/uploads\/2026\/02\/Screenshot_20260226_102447_com.android.gallery3d-1047x1536.jpg 1047w, https:\/\/artfrommei.com\/wp-content\/uploads\/2026\/02\/Screenshot_20260226_102447_com.android.gallery3d-8x12.jpg 8w, https:\/\/artfrommei.com\/wp-content\/uploads\/2026\/02\/Screenshot_20260226_102447_com.android.gallery3d.jpg 1080w\" sizes=\"auto, (max-width: 698px) 100vw, 698px\" \/><figcaption class=\"wp-element-caption\"><strong>H\u00f6stvy<\/strong><br><strong>(Oljem\u00e5lning)<\/strong><br><strong>Dimension: 40&#215;50 cm<br>S\u00e5ld<\/strong><\/figcaption><\/figure>\n\n\n\n<div class=\"wp-block-buttons is-content-justification-center is-layout-flex wp-container-core-buttons-is-layout-a89b3969 wp-block-buttons-is-layout-flex\">\n<div class=\"wp-block-button\"><a class=\"wp-block-button__link wp-element-button\" href=\"https:\/\/artfrommei.com\/en\/galleri\/\">Tillbaka till galleriet<\/a><\/div>\n<\/div>\n<\/div>","protected":false},"excerpt":{"rendered":"<p>Tidigare s\u00e5lda m\u00e5lningar<\/p>","protected":false},"author":1,"featured_media":0,"parent":0,"menu_order":0,"comment_status":"closed","ping_status":"closed","template":"page-with-title","meta":{"footnotes":""},"class_list":["post-1130","page","type-page","status-publish","hentry"],"aioseo_notices":[],"_links":{"self":[{"href":"https:\/\/artfrommei.com\/en\/wp-json\/wp\/v2\/pages\/1130","targetHints":{"allow":["GET"]}}],"collection":[{"href":"https:\/\/artfrommei.com\/en\/wp-json\/wp\/v2\/pages"}],"about":[{"href":"https:\/\/artfrommei.com\/en\/wp-json\/wp\/v2\/types\/page"}],"author":[{"embeddable":true,"href":"https:\/\/artfrommei.com\/en\/wp-json\/wp\/v2\/users\/1"}],"replies":[{"embeddable":true,"href":"https:\/\/artfrommei.com\/en\/wp-json\/wp\/v2\/comments?post=1130"}],"version-history":[{"count":11,"href":"https:\/\/artfrommei.com\/en\/wp-json\/wp\/v2\/pages\/1130\/revisions"}],"predecessor-version":[{"id":1317,"href":"https:\/\/artfrommei.com\/en\/wp-json\/wp\/v2\/pages\/1130\/revisions\/1317"}],"wp:attachment":[{"href":"https:\/\/artfrommei.com\/en\/wp-json\/wp\/v2\/media?parent=1130"}],"curies":[{"name":"wp","href":"https:\/\/api.w.org\/{rel}","templated":true}]}}