{"id":16,"date":"2026-02-20T14:12:49","date_gmt":"2026-02-20T14:12:49","guid":{"rendered":"https:\/\/artfrommei.com\/om\/"},"modified":"2026-04-14T18:14:12","modified_gmt":"2026-04-14T18:14:12","slug":"om","status":"publish","type":"page","link":"https:\/\/artfrommei.com\/en\/om\/","title":{"rendered":"About"},"content":{"rendered":"<div class=\"wp-block-group alignfull is-style-ext-preset--group--natural-1--section has-background-background-color has-background has-global-padding is-layout-constrained wp-container-core-group-is-layout-7276a2bb wp-block-group-is-layout-constrained\" style=\"margin-top:0;margin-bottom:0;padding-top:var(--wp--preset--spacing--60);padding-right:var(--wp--preset--spacing--30);padding-bottom:var(--wp--preset--spacing--60);padding-left:var(--wp--preset--spacing--30)\">\n<div class=\"wp-block-media-text alignwide has-media-on-the-right is-stacked-on-mobile is-image-fill-element is-style-ext-preset--media-text--natural-1--card-1 has-tertiary-background-color has-background is-style-ext-preset--media-text--natural-1--card-1--2\" style=\"grid-template-columns:auto 40%\"><div class=\"wp-block-media-text__content\">\n<div class=\"wp-block-group has-global-padding is-layout-constrained wp-container-core-group-is-layout-f95f14ed wp-block-group-is-layout-constrained\" style=\"padding-top:var(--wp--preset--spacing--55);padding-right:var(--wp--preset--spacing--50);padding-bottom:var(--wp--preset--spacing--55);padding-left:var(--wp--preset--spacing--50)\">\n<h2 class=\"wp-block-heading has-large-font-size\">Mei Hong Bjerstedt<\/h2>\n\n\n\n<p style=\"margin-top:8px\">Konstn\u00e4r<\/p>\n\n\n\n<p style=\"margin-top:16px\">Jag \u00e4r bosatt i V\u00e4ster\u00e5s och \u00e4r som konstn\u00e4r fr\u00e4mst fokuserad p\u00e5 akvarellm\u00e5lning. Naturen \u00e4r min viktigaste inspirationsk\u00e4lla. Jag gillar att prova olika tekniker och att experimentera med olika motiv, till exempel landskap, blommor och frukt. <\/p>\n\n\n\n<p>Redan som barn hade jag ett stort intresse f\u00f6r att teckna och m\u00e5la, men studier och arbete kom i v\u00e4gen. De senaste 20 \u00e5ren har jag \u00e5terupptagit m\u00e5landet och d\u00e5 fr\u00e4mst intresserat mig f\u00f6r akvarellteknik. F\u00f6r mig \u00e4r konstn\u00e4rligt skapande en sp\u00e4nnande process d\u00e4r resultatet inte alltid g\u00e5r att f\u00f6rutse.<\/p>\n\n\n\n<ul class=\"wp-block-social-links has-normal-icon-size has-icon-color is-style-logos-only is-layout-flex wp-container-core-social-links-is-layout-ec7a6dbc wp-block-social-links-is-layout-flex\" style=\"margin-top:var(--wp--preset--spacing--30)\">\n\n<\/ul>\n<\/div>\n<\/div><figure class=\"wp-block-media-text__media\"><img loading=\"lazy\" decoding=\"async\" width=\"1024\" height=\"992\" src=\"https:\/\/artfrommei.com\/wp-content\/uploads\/2026\/02\/IMG_20240331_182000-kopia-1-1024x992.jpg\" alt=\"\" class=\"wp-image-211 size-full\" style=\"object-position:50% 50%\" srcset=\"https:\/\/artfrommei.com\/wp-content\/uploads\/2026\/02\/IMG_20240331_182000-kopia-1-1024x992.jpg 1024w, https:\/\/artfrommei.com\/wp-content\/uploads\/2026\/02\/IMG_20240331_182000-kopia-1-300x290.jpg 300w, https:\/\/artfrommei.com\/wp-content\/uploads\/2026\/02\/IMG_20240331_182000-kopia-1-768x744.jpg 768w, https:\/\/artfrommei.com\/wp-content\/uploads\/2026\/02\/IMG_20240331_182000-kopia-1-12x12.jpg 12w, https:\/\/artfrommei.com\/wp-content\/uploads\/2026\/02\/IMG_20240331_182000-kopia-1.jpg 1261w\" sizes=\"auto, (max-width: 1024px) 100vw, 1024px\" \/><\/figure><\/div>\n<\/div>\n\n\n\n<div class=\"wp-block-group alignfull is-style-ext-preset--group--natural-1--section has-tertiary-background-color has-background has-global-padding is-layout-constrained wp-container-core-group-is-layout-f72f1611 wp-block-group-is-layout-constrained\" id=\"galleri\" style=\"margin-top:0;margin-bottom:0;padding-top:var(--wp--preset--spacing--70);padding-bottom:var(--wp--preset--spacing--70)\">\n<div class=\"wp-block-group alignwide is-vertical is-layout-flex wp-container-core-group-is-layout-c35747d5 wp-block-group-is-layout-flex\">\n<div class=\"wp-block-group has-global-padding is-layout-constrained wp-container-core-group-is-layout-5e05634a wp-block-group-is-layout-constrained\">\n<h2 class=\"wp-block-heading\">M\u00e5lningar<\/h2>\n\n\n\n<p class=\"has-text-align-left\">H\u00e4r finns ett urval av mina akvarellm\u00e5lningar.<\/p>\n<\/div>\n<\/div>\n\n\n\n<div class=\"wp-block-columns alignwide are-vertically-aligned-top is-layout-flex wp-container-core-columns-is-layout-87beb0d0 wp-block-columns-is-layout-flex\">\n<div class=\"wp-block-column is-vertically-aligned-top is-layout-flow wp-container-core-column-is-layout-f5bb311e wp-block-column-is-layout-flow\">\n<figure class=\"wp-block-image size-large is-style-ext-preset--image--natural-1--image-1--content-top is-style-ext-preset--image--natural-1--image-1--content-top--4\"><img loading=\"lazy\" decoding=\"async\" width=\"729\" height=\"1024\" src=\"https:\/\/artfrommei.com\/wp-content\/uploads\/2026\/02\/IMG_20240114_182712_edit_3311998364598-1-729x1024.jpg\" alt=\"\" class=\"wp-image-240\" style=\"aspect-ratio:1;object-fit:cover\" srcset=\"https:\/\/artfrommei.com\/wp-content\/uploads\/2026\/02\/IMG_20240114_182712_edit_3311998364598-1-729x1024.jpg 729w, https:\/\/artfrommei.com\/wp-content\/uploads\/2026\/02\/IMG_20240114_182712_edit_3311998364598-1-214x300.jpg 214w, https:\/\/artfrommei.com\/wp-content\/uploads\/2026\/02\/IMG_20240114_182712_edit_3311998364598-1-768x1078.jpg 768w, https:\/\/artfrommei.com\/wp-content\/uploads\/2026\/02\/IMG_20240114_182712_edit_3311998364598-1-1094x1536.jpg 1094w, https:\/\/artfrommei.com\/wp-content\/uploads\/2026\/02\/IMG_20240114_182712_edit_3311998364598-1-1459x2048.jpg 1459w, https:\/\/artfrommei.com\/wp-content\/uploads\/2026\/02\/IMG_20240114_182712_edit_3311998364598-1-9x12.jpg 9w, https:\/\/artfrommei.com\/wp-content\/uploads\/2026\/02\/IMG_20240114_182712_edit_3311998364598-1-scaled.jpg 1823w\" sizes=\"auto, (max-width: 729px) 100vw, 729px\" \/><figcaption class=\"wp-element-caption\">H\u00f6stl\u00f6v<\/figcaption><\/figure>\n\n\n\n<figure class=\"wp-block-image size-large is-style-ext-preset--image--natural-1--image-1--content-top is-style-ext-preset--image--natural-1--image-1--content-top--5\"><img loading=\"lazy\" decoding=\"async\" width=\"762\" height=\"1024\" src=\"https:\/\/artfrommei.com\/wp-content\/uploads\/2026\/03\/IMG_20260125_230946_edit_182939081411667-kopia-2-762x1024.jpg\" alt=\"\" class=\"wp-image-1218\" style=\"aspect-ratio:1;object-fit:cover\" srcset=\"https:\/\/artfrommei.com\/wp-content\/uploads\/2026\/03\/IMG_20260125_230946_edit_182939081411667-kopia-2-762x1024.jpg 762w, https:\/\/artfrommei.com\/wp-content\/uploads\/2026\/03\/IMG_20260125_230946_edit_182939081411667-kopia-2-223x300.jpg 223w, https:\/\/artfrommei.com\/wp-content\/uploads\/2026\/03\/IMG_20260125_230946_edit_182939081411667-kopia-2-768x1032.jpg 768w, https:\/\/artfrommei.com\/wp-content\/uploads\/2026\/03\/IMG_20260125_230946_edit_182939081411667-kopia-2-1143x1536.jpg 1143w, https:\/\/artfrommei.com\/wp-content\/uploads\/2026\/03\/IMG_20260125_230946_edit_182939081411667-kopia-2-1524x2048.jpg 1524w, https:\/\/artfrommei.com\/wp-content\/uploads\/2026\/03\/IMG_20260125_230946_edit_182939081411667-kopia-2-9x12.jpg 9w, https:\/\/artfrommei.com\/wp-content\/uploads\/2026\/03\/IMG_20260125_230946_edit_182939081411667-kopia-2.jpg 1810w\" sizes=\"auto, (max-width: 762px) 100vw, 762px\" \/><figcaption class=\"wp-element-caption\">P\u00e4ron<\/figcaption><\/figure>\n<\/div>\n\n\n\n<div class=\"wp-block-column is-vertically-aligned-top is-layout-flow wp-container-core-column-is-layout-f5bb311e wp-block-column-is-layout-flow\">\n<figure class=\"wp-block-image size-large is-style-ext-preset--image--natural-1--image-1--content-top is-style-ext-preset--image--natural-1--image-1--content-top--6\"><img loading=\"lazy\" decoding=\"async\" width=\"1024\" height=\"737\" src=\"https:\/\/artfrommei.com\/wp-content\/uploads\/2026\/02\/IMG_20251001_175225-8-1024x737.jpg\" alt=\"\" class=\"wp-image-258\" style=\"aspect-ratio:1;object-fit:cover\" srcset=\"https:\/\/artfrommei.com\/wp-content\/uploads\/2026\/02\/IMG_20251001_175225-8-1024x737.jpg 1024w, https:\/\/artfrommei.com\/wp-content\/uploads\/2026\/02\/IMG_20251001_175225-8-300x216.jpg 300w, https:\/\/artfrommei.com\/wp-content\/uploads\/2026\/02\/IMG_20251001_175225-8-768x552.jpg 768w, https:\/\/artfrommei.com\/wp-content\/uploads\/2026\/02\/IMG_20251001_175225-8-1536x1105.jpg 1536w, https:\/\/artfrommei.com\/wp-content\/uploads\/2026\/02\/IMG_20251001_175225-8-2048x1473.jpg 2048w, https:\/\/artfrommei.com\/wp-content\/uploads\/2026\/02\/IMG_20251001_175225-8-18x12.jpg 18w\" sizes=\"auto, (max-width: 1024px) 100vw, 1024px\" \/><figcaption class=\"wp-element-caption\">Vintervy<\/figcaption><\/figure>\n\n\n\n<figure class=\"wp-block-image size-large is-style-ext-preset--image--natural-1--image-1--content-top is-style-ext-preset--image--natural-1--image-1--content-top--7\"><img loading=\"lazy\" decoding=\"async\" width=\"1024\" height=\"718\" src=\"https:\/\/artfrommei.com\/wp-content\/uploads\/2026\/02\/IMG_20240114_182641_edit_3366124347402-1-1024x718.jpg\" alt=\"\" class=\"wp-image-268\" style=\"aspect-ratio:1;object-fit:cover\" srcset=\"https:\/\/artfrommei.com\/wp-content\/uploads\/2026\/02\/IMG_20240114_182641_edit_3366124347402-1-1024x718.jpg 1024w, https:\/\/artfrommei.com\/wp-content\/uploads\/2026\/02\/IMG_20240114_182641_edit_3366124347402-1-300x210.jpg 300w, https:\/\/artfrommei.com\/wp-content\/uploads\/2026\/02\/IMG_20240114_182641_edit_3366124347402-1-768x538.jpg 768w, https:\/\/artfrommei.com\/wp-content\/uploads\/2026\/02\/IMG_20240114_182641_edit_3366124347402-1-1536x1077.jpg 1536w, https:\/\/artfrommei.com\/wp-content\/uploads\/2026\/02\/IMG_20240114_182641_edit_3366124347402-1-2048x1436.jpg 2048w, https:\/\/artfrommei.com\/wp-content\/uploads\/2026\/02\/IMG_20240114_182641_edit_3366124347402-1-18x12.jpg 18w\" sizes=\"auto, (max-width: 1024px) 100vw, 1024px\" \/><figcaption class=\"wp-element-caption\">Bj\u00f6rn\u00f6n<\/figcaption><\/figure>\n<\/div>\n\n\n\n<div class=\"wp-block-column is-vertically-aligned-top is-layout-flow wp-container-core-column-is-layout-f5bb311e wp-block-column-is-layout-flow\">\n<figure class=\"wp-block-image size-large is-style-ext-preset--image--natural-1--image-1--content-top is-style-ext-preset--image--natural-1--image-1--content-top--8\"><img loading=\"lazy\" decoding=\"async\" width=\"721\" height=\"1024\" src=\"https:\/\/artfrommei.com\/wp-content\/uploads\/2026\/02\/IMG_20250722_094400_edit_415768146118326-4-721x1024.jpg\" alt=\"\" class=\"wp-image-264\" style=\"aspect-ratio:1;object-fit:cover\" srcset=\"https:\/\/artfrommei.com\/wp-content\/uploads\/2026\/02\/IMG_20250722_094400_edit_415768146118326-4-721x1024.jpg 721w, https:\/\/artfrommei.com\/wp-content\/uploads\/2026\/02\/IMG_20250722_094400_edit_415768146118326-4-211x300.jpg 211w, https:\/\/artfrommei.com\/wp-content\/uploads\/2026\/02\/IMG_20250722_094400_edit_415768146118326-4-768x1091.jpg 768w, https:\/\/artfrommei.com\/wp-content\/uploads\/2026\/02\/IMG_20250722_094400_edit_415768146118326-4-1081x1536.jpg 1081w, https:\/\/artfrommei.com\/wp-content\/uploads\/2026\/02\/IMG_20250722_094400_edit_415768146118326-4-1442x2048.jpg 1442w, https:\/\/artfrommei.com\/wp-content\/uploads\/2026\/02\/IMG_20250722_094400_edit_415768146118326-4-8x12.jpg 8w, https:\/\/artfrommei.com\/wp-content\/uploads\/2026\/02\/IMG_20250722_094400_edit_415768146118326-4-scaled.jpg 1802w\" sizes=\"auto, (max-width: 721px) 100vw, 721px\" \/><figcaption class=\"wp-element-caption\">Sensommar<\/figcaption><\/figure>\n\n\n\n<figure class=\"wp-block-image size-large is-style-ext-preset--image--natural-1--image-1--content-top is-style-ext-preset--image--natural-1--image-1--content-top--9\"><img loading=\"lazy\" decoding=\"async\" width=\"1024\" height=\"789\" src=\"https:\/\/artfrommei.com\/wp-content\/uploads\/2026\/02\/IMG_20250106_120743_edit_143403873791137-5-1024x789.jpg\" alt=\"\" class=\"wp-image-250\" style=\"aspect-ratio:1;object-fit:cover\" srcset=\"https:\/\/artfrommei.com\/wp-content\/uploads\/2026\/02\/IMG_20250106_120743_edit_143403873791137-5-1024x789.jpg 1024w, https:\/\/artfrommei.com\/wp-content\/uploads\/2026\/02\/IMG_20250106_120743_edit_143403873791137-5-300x231.jpg 300w, https:\/\/artfrommei.com\/wp-content\/uploads\/2026\/02\/IMG_20250106_120743_edit_143403873791137-5-768x592.jpg 768w, https:\/\/artfrommei.com\/wp-content\/uploads\/2026\/02\/IMG_20250106_120743_edit_143403873791137-5-1536x1183.jpg 1536w, https:\/\/artfrommei.com\/wp-content\/uploads\/2026\/02\/IMG_20250106_120743_edit_143403873791137-5-2048x1578.jpg 2048w, https:\/\/artfrommei.com\/wp-content\/uploads\/2026\/02\/IMG_20250106_120743_edit_143403873791137-5-16x12.jpg 16w\" sizes=\"auto, (max-width: 1024px) 100vw, 1024px\" \/><figcaption class=\"wp-element-caption\">Nypon 2<\/figcaption><\/figure>\n<\/div>\n\n\n\n<div class=\"wp-block-column is-vertically-aligned-top is-layout-flow wp-container-core-column-is-layout-f5bb311e wp-block-column-is-layout-flow\">\n<figure class=\"wp-block-image size-large is-style-ext-preset--image--natural-1--image-1--content-top is-style-ext-preset--image--natural-1--image-1--content-top--10\"><img loading=\"lazy\" decoding=\"async\" width=\"1024\" height=\"783\" src=\"https:\/\/artfrommei.com\/wp-content\/uploads\/2026\/02\/IMG_20240114_183840_edit_3087874004216-5-1024x783.jpg\" alt=\"\" class=\"wp-image-252\" style=\"aspect-ratio:1;object-fit:cover\" srcset=\"https:\/\/artfrommei.com\/wp-content\/uploads\/2026\/02\/IMG_20240114_183840_edit_3087874004216-5-1024x783.jpg 1024w, https:\/\/artfrommei.com\/wp-content\/uploads\/2026\/02\/IMG_20240114_183840_edit_3087874004216-5-300x229.jpg 300w, https:\/\/artfrommei.com\/wp-content\/uploads\/2026\/02\/IMG_20240114_183840_edit_3087874004216-5-768x587.jpg 768w, https:\/\/artfrommei.com\/wp-content\/uploads\/2026\/02\/IMG_20240114_183840_edit_3087874004216-5-1536x1174.jpg 1536w, https:\/\/artfrommei.com\/wp-content\/uploads\/2026\/02\/IMG_20240114_183840_edit_3087874004216-5-2048x1566.jpg 2048w, https:\/\/artfrommei.com\/wp-content\/uploads\/2026\/02\/IMG_20240114_183840_edit_3087874004216-5-16x12.jpg 16w\" sizes=\"auto, (max-width: 1024px) 100vw, 1024px\" \/><figcaption class=\"wp-element-caption\">Rosor<\/figcaption><\/figure>\n\n\n\n<figure class=\"wp-block-image size-large is-style-ext-preset--image--natural-1--image-1--content-top is-style-ext-preset--image--natural-1--image-1--content-top--11\"><img loading=\"lazy\" decoding=\"async\" width=\"1024\" height=\"701\" src=\"https:\/\/artfrommei.com\/wp-content\/uploads\/2026\/02\/IMG_20250222_094339_edit_524810605497520-kopia-1-1024x701.jpg\" alt=\"\" class=\"wp-image-263\" style=\"aspect-ratio:1;object-fit:cover\" srcset=\"https:\/\/artfrommei.com\/wp-content\/uploads\/2026\/02\/IMG_20250222_094339_edit_524810605497520-kopia-1-1024x701.jpg 1024w, https:\/\/artfrommei.com\/wp-content\/uploads\/2026\/02\/IMG_20250222_094339_edit_524810605497520-kopia-1-300x205.jpg 300w, https:\/\/artfrommei.com\/wp-content\/uploads\/2026\/02\/IMG_20250222_094339_edit_524810605497520-kopia-1-768x526.jpg 768w, https:\/\/artfrommei.com\/wp-content\/uploads\/2026\/02\/IMG_20250222_094339_edit_524810605497520-kopia-1-1536x1052.jpg 1536w, https:\/\/artfrommei.com\/wp-content\/uploads\/2026\/02\/IMG_20250222_094339_edit_524810605497520-kopia-1-2048x1403.jpg 2048w, https:\/\/artfrommei.com\/wp-content\/uploads\/2026\/02\/IMG_20250222_094339_edit_524810605497520-kopia-1-18x12.jpg 18w\" sizes=\"auto, (max-width: 1024px) 100vw, 1024px\" \/><figcaption class=\"wp-element-caption\">Tillbaka<\/figcaption><\/figure>\n<\/div>\n<\/div>\n<\/div>","protected":false},"excerpt":{"rendered":"<p>Mei Hong Bjerstedt Konstn\u00e4r Jag \u00e4r bosatt i V\u00e4ster\u00e5s och \u00e4r som konstn\u00e4r fr\u00e4mst fokuserad p\u00e5 akvarellm\u00e5lning. Naturen \u00e4r min viktigaste inspirationsk\u00e4lla. Jag gillar att prova olika tekniker och att experimentera med olika motiv, till exempel landskap, blommor och frukt. Redan som barn hade jag ett stort intresse f\u00f6r att teckna och m\u00e5la, men studier [&hellip;]<\/p>\n","protected":false},"author":1,"featured_media":0,"parent":0,"menu_order":0,"comment_status":"closed","ping_status":"closed","template":"page-with-title","meta":{"footnotes":""},"class_list":["post-16","page","type-page","status-publish","hentry"],"aioseo_notices":[],"_links":{"self":[{"href":"https:\/\/artfrommei.com\/en\/wp-json\/wp\/v2\/pages\/16","targetHints":{"allow":["GET"]}}],"collection":[{"href":"https:\/\/artfrommei.com\/en\/wp-json\/wp\/v2\/pages"}],"about":[{"href":"https:\/\/artfrommei.com\/en\/wp-json\/wp\/v2\/types\/page"}],"author":[{"embeddable":true,"href":"https:\/\/artfrommei.com\/en\/wp-json\/wp\/v2\/users\/1"}],"replies":[{"embeddable":true,"href":"https:\/\/artfrommei.com\/en\/wp-json\/wp\/v2\/comments?post=16"}],"version-history":[{"count":14,"href":"https:\/\/artfrommei.com\/en\/wp-json\/wp\/v2\/pages\/16\/revisions"}],"predecessor-version":[{"id":1320,"href":"https:\/\/artfrommei.com\/en\/wp-json\/wp\/v2\/pages\/16\/revisions\/1320"}],"wp:attachment":[{"href":"https:\/\/artfrommei.com\/en\/wp-json\/wp\/v2\/media?parent=16"}],"curies":[{"name":"wp","href":"https:\/\/api.w.org\/{rel}","templated":true}]}}