{"id":19,"date":"2026-02-20T14:12:50","date_gmt":"2026-02-20T14:12:50","guid":{"rendered":"https:\/\/artfrommei.com\/galleri\/"},"modified":"2026-04-05T17:35:05","modified_gmt":"2026-04-05T17:35:05","slug":"galleri","status":"publish","type":"page","link":"https:\/\/artfrommei.com\/en\/galleri\/","title":{"rendered":"Gallery"},"content":{"rendered":"<div class=\"wp-block-group alignfull is-content-justification-center is-nowrap is-layout-flex wp-container-core-group-is-layout-6b4ff309 wp-block-group-is-layout-flex\">\n<div class=\"wp-block-group has-global-padding is-layout-constrained wp-container-core-group-is-layout-5e05634a wp-block-group-is-layout-constrained\">\n<div class=\"wp-block-group alignwide is-vertical is-content-justification-center is-layout-flex wp-container-core-group-is-layout-c9ee0c5a wp-block-group-is-layout-flex\">\n<div class=\"wp-block-group is-vertical is-layout-flex wp-container-core-group-is-layout-6be23836 wp-block-group-is-layout-flex\">\n<h2 class=\"wp-block-heading has-text-align-center\">ArtfromMeis galleri<\/h2>\n\n\n\n<p class=\"has-text-align-center\">H\u00e4r visar jag n\u00e5gra exempel p\u00e5 mitt m\u00e5leri. <\/p>\n\n\n\n<p>Om du \u00e4r intresserad av att k\u00f6pa en m\u00e5lning, klicka p\u00e5 &#8221;Kontakta mig&#8221; och fyll i dina uppgifter. Ange vilken m\u00e5lning du \u00e4r intresserad av.<\/p>\n<\/div>\n\n\n\n<div class=\"wp-block-buttons is-content-justification-center is-layout-flex wp-container-core-buttons-is-layout-a89b3969 wp-block-buttons-is-layout-flex\">\n<div class=\"wp-block-button\"><a class=\"wp-block-button__link wp-element-button\" href=\"https:\/\/artfrommei.com\/en\/kontakt\/\">Kontakta mig<\/a><\/div>\n<\/div>\n<\/div>\n<\/div>\n<\/div>\n\n\n\n<div class=\"wp-block-group alignfull is-style-ext-preset--group--natural-1--section has-background-background-color has-background has-global-padding is-layout-constrained wp-block-group-is-layout-constrained\" style=\"margin-top:0;margin-bottom:0;padding-top:var(--wp--preset--spacing--70);padding-bottom:var(--wp--preset--spacing--70)\">\n<div class=\"wp-block-columns alignwide are-vertically-aligned-center is-layout-flex wp-container-core-columns-is-layout-174606dc wp-block-columns-is-layout-flex\">\n<div class=\"wp-block-column is-vertically-aligned-center is-layout-flow wp-block-column-is-layout-flow\">\n<figure class=\"wp-block-image size-large is-style-ext-preset--image--natural-1--image-1--content-left ext-animate--on is-style-ext-preset--image--natural-1--image-1--content-left--2\"><img loading=\"lazy\" decoding=\"async\" width=\"1024\" height=\"765\" src=\"https:\/\/artfrommei.com\/wp-content\/uploads\/2026\/02\/IMG_20260219_144705_edit_719048657094966-14-1024x765.jpg\" alt=\"\" class=\"wp-image-1057\" style=\"aspect-ratio:4\/3;object-fit:cover\" srcset=\"https:\/\/artfrommei.com\/wp-content\/uploads\/2026\/02\/IMG_20260219_144705_edit_719048657094966-14-1024x765.jpg 1024w, https:\/\/artfrommei.com\/wp-content\/uploads\/2026\/02\/IMG_20260219_144705_edit_719048657094966-14-300x224.jpg 300w, https:\/\/artfrommei.com\/wp-content\/uploads\/2026\/02\/IMG_20260219_144705_edit_719048657094966-14-768x574.jpg 768w, https:\/\/artfrommei.com\/wp-content\/uploads\/2026\/02\/IMG_20260219_144705_edit_719048657094966-14-1536x1148.jpg 1536w, https:\/\/artfrommei.com\/wp-content\/uploads\/2026\/02\/IMG_20260219_144705_edit_719048657094966-14-2048x1530.jpg 2048w, https:\/\/artfrommei.com\/wp-content\/uploads\/2026\/02\/IMG_20260219_144705_edit_719048657094966-14-16x12.jpg 16w\" sizes=\"auto, (max-width: 1024px) 100vw, 1024px\" \/><\/figure>\n<\/div>\n\n\n\n<div class=\"wp-block-column is-vertically-aligned-center is-layout-flow wp-block-column-is-layout-flow\">\n<h2 class=\"wp-block-heading ext-animate--on\">Landskapsm\u00e5lningar<\/h2>\n\n\n\n<p class=\"ext-animate--on\" style=\"margin-top:1.5rem\"><\/p>\n\n\n\n<div class=\"wp-block-buttons ext-animate--on is-layout-flex wp-block-buttons-is-layout-flex\">\n<div class=\"wp-block-button is-style-ext-preset--button--natural-1--button-1 is-style-ext-preset--button--natural-1--button-1--3\"><a class=\"wp-block-button__link wp-element-button\" href=\"https:\/\/artfrommei.com\/en\/naturgalleri\/\">Se landskapsmotiv<\/a><\/div>\n<\/div>\n<\/div>\n<\/div>\n\n\n\n<div class=\"wp-block-columns alignwide are-vertically-aligned-center is-layout-flex wp-container-core-columns-is-layout-174606dc wp-block-columns-is-layout-flex\">\n<div class=\"wp-block-column is-vertically-aligned-center is-layout-flow wp-block-column-is-layout-flow\">\n<figure class=\"wp-block-image size-large is-style-ext-preset--image--natural-1--image-1--content-left ext-animate--on is-style-ext-preset--image--natural-1--image-1--content-left--4\"><img loading=\"lazy\" decoding=\"async\" width=\"811\" height=\"1024\" src=\"https:\/\/artfrommei.com\/wp-content\/uploads\/2026\/04\/IMG_20251012_095453_edit_437956734051921-1-811x1024.jpg\" alt=\"\" class=\"wp-image-1286\" style=\"aspect-ratio:4\/3;object-fit:cover\" srcset=\"https:\/\/artfrommei.com\/wp-content\/uploads\/2026\/04\/IMG_20251012_095453_edit_437956734051921-1-811x1024.jpg 811w, https:\/\/artfrommei.com\/wp-content\/uploads\/2026\/04\/IMG_20251012_095453_edit_437956734051921-1-238x300.jpg 238w, https:\/\/artfrommei.com\/wp-content\/uploads\/2026\/04\/IMG_20251012_095453_edit_437956734051921-1-768x970.jpg 768w, https:\/\/artfrommei.com\/wp-content\/uploads\/2026\/04\/IMG_20251012_095453_edit_437956734051921-1-1216x1536.jpg 1216w, https:\/\/artfrommei.com\/wp-content\/uploads\/2026\/04\/IMG_20251012_095453_edit_437956734051921-1-1621x2048.jpg 1621w, https:\/\/artfrommei.com\/wp-content\/uploads\/2026\/04\/IMG_20251012_095453_edit_437956734051921-1-10x12.jpg 10w, https:\/\/artfrommei.com\/wp-content\/uploads\/2026\/04\/IMG_20251012_095453_edit_437956734051921-1-scaled.jpg 2027w\" sizes=\"auto, (max-width: 811px) 100vw, 811px\" \/><\/figure>\n<\/div>\n\n\n\n<div class=\"wp-block-column is-vertically-aligned-center is-layout-flow wp-block-column-is-layout-flow\">\n<h2 class=\"wp-block-heading ext-animate--on\">Blommotiv<\/h2>\n\n\n\n<p class=\"ext-animate--on\" style=\"margin-top:1.5rem\"><\/p>\n\n\n\n<div class=\"wp-block-buttons ext-animate--on is-layout-flex wp-block-buttons-is-layout-flex\">\n<div class=\"wp-block-button is-style-ext-preset--button--natural-1--button-1 is-style-ext-preset--button--natural-1--button-1--5\"><a class=\"wp-block-button__link wp-element-button\" href=\"https:\/\/artfrommei.com\/en\/blommorgalleri\/\">Se blommotiv<\/a><\/div>\n<\/div>\n<\/div>\n<\/div>\n\n\n\n<div class=\"wp-block-columns alignwide are-vertically-aligned-center is-layout-flex wp-container-core-columns-is-layout-174606dc wp-block-columns-is-layout-flex\">\n<div class=\"wp-block-column is-vertically-aligned-center is-layout-flow wp-block-column-is-layout-flow\">\n<figure class=\"wp-block-image size-large is-style-ext-preset--image--natural-1--image-1--content-left ext-animate--on is-style-ext-preset--image--natural-1--image-1--content-left--6\"><img loading=\"lazy\" decoding=\"async\" width=\"1024\" height=\"792\" src=\"https:\/\/artfrommei.com\/wp-content\/uploads\/2026\/02\/IMG_20250106_120703_edit_143464564898419-12-1024x792.jpg\" alt=\"\" class=\"wp-image-1071\" style=\"aspect-ratio:4\/3;object-fit:cover\" srcset=\"https:\/\/artfrommei.com\/wp-content\/uploads\/2026\/02\/IMG_20250106_120703_edit_143464564898419-12-1024x792.jpg 1024w, https:\/\/artfrommei.com\/wp-content\/uploads\/2026\/02\/IMG_20250106_120703_edit_143464564898419-12-300x232.jpg 300w, https:\/\/artfrommei.com\/wp-content\/uploads\/2026\/02\/IMG_20250106_120703_edit_143464564898419-12-768x594.jpg 768w, https:\/\/artfrommei.com\/wp-content\/uploads\/2026\/02\/IMG_20250106_120703_edit_143464564898419-12-1536x1187.jpg 1536w, https:\/\/artfrommei.com\/wp-content\/uploads\/2026\/02\/IMG_20250106_120703_edit_143464564898419-12-2048x1583.jpg 2048w, https:\/\/artfrommei.com\/wp-content\/uploads\/2026\/02\/IMG_20250106_120703_edit_143464564898419-12-16x12.jpg 16w\" sizes=\"auto, (max-width: 1024px) 100vw, 1024px\" \/><\/figure>\n<\/div>\n\n\n\n<div class=\"wp-block-column is-vertically-aligned-center is-layout-flow wp-block-column-is-layout-flow\">\n<h2 class=\"wp-block-heading ext-animate--on\">Fruktmotiv<\/h2>\n\n\n\n<p class=\"ext-animate--on\" style=\"margin-top:1.5rem\"><\/p>\n\n\n\n<div class=\"wp-block-buttons ext-animate--on is-layout-flex wp-block-buttons-is-layout-flex\">\n<div class=\"wp-block-button is-style-ext-preset--button--natural-1--button-1 is-style-ext-preset--button--natural-1--button-1--7\"><a class=\"wp-block-button__link wp-element-button\" href=\"https:\/\/artfrommei.com\/en\/fruktgalleri\/\">Se fruktmotiv<\/a><\/div>\n<\/div>\n<\/div>\n<\/div>\n\n\n\n<div class=\"wp-block-columns alignwide are-vertically-aligned-center is-layout-flex wp-container-core-columns-is-layout-174606dc wp-block-columns-is-layout-flex\">\n<div class=\"wp-block-column is-vertically-aligned-center is-layout-flow wp-block-column-is-layout-flow\">\n<figure class=\"wp-block-image size-large is-style-ext-preset--image--natural-1--image-1--content-left ext-animate--on is-style-ext-preset--image--natural-1--image-1--content-left--8\"><img loading=\"lazy\" decoding=\"async\" width=\"1024\" height=\"918\" src=\"https:\/\/artfrommei.com\/wp-content\/uploads\/2026\/02\/IMG_20251002_105851_edit_94399058876219-2-1024x918.jpg\" alt=\"\" class=\"wp-image-1083\" style=\"aspect-ratio:4\/3;object-fit:cover\" srcset=\"https:\/\/artfrommei.com\/wp-content\/uploads\/2026\/02\/IMG_20251002_105851_edit_94399058876219-2-1024x918.jpg 1024w, https:\/\/artfrommei.com\/wp-content\/uploads\/2026\/02\/IMG_20251002_105851_edit_94399058876219-2-300x269.jpg 300w, https:\/\/artfrommei.com\/wp-content\/uploads\/2026\/02\/IMG_20251002_105851_edit_94399058876219-2-768x688.jpg 768w, https:\/\/artfrommei.com\/wp-content\/uploads\/2026\/02\/IMG_20251002_105851_edit_94399058876219-2-1536x1376.jpg 1536w, https:\/\/artfrommei.com\/wp-content\/uploads\/2026\/02\/IMG_20251002_105851_edit_94399058876219-2-2048x1835.jpg 2048w, https:\/\/artfrommei.com\/wp-content\/uploads\/2026\/02\/IMG_20251002_105851_edit_94399058876219-2-13x12.jpg 13w\" sizes=\"auto, (max-width: 1024px) 100vw, 1024px\" \/><\/figure>\n<\/div>\n\n\n\n<div class=\"wp-block-column is-vertically-aligned-center is-layout-flow wp-block-column-is-layout-flow\">\n<h2 class=\"wp-block-heading ext-animate--on\">Mindre akvareller<\/h2>\n\n\n\n<p class=\"ext-animate--on\" style=\"margin-top:1.5rem\"><\/p>\n\n\n\n<div class=\"wp-block-buttons ext-animate--on is-layout-flex wp-block-buttons-is-layout-flex\">\n<div class=\"wp-block-button is-style-ext-preset--button--natural-1--button-1 is-style-ext-preset--button--natural-1--button-1--9\"><a class=\"wp-block-button__link wp-element-button\" href=\"https:\/\/artfrommei.com\/en\/sma-malningar-galleri\/\">Se sm\u00e5 akvarellverk<\/a><\/div>\n<\/div>\n<\/div>\n<\/div>\n\n\n\n<div class=\"wp-block-columns alignwide are-vertically-aligned-center is-layout-flex wp-container-core-columns-is-layout-174606dc wp-block-columns-is-layout-flex\">\n<div class=\"wp-block-column is-vertically-aligned-center is-layout-flow wp-block-column-is-layout-flow\">\n<figure class=\"wp-block-image size-large is-style-ext-preset--image--natural-1--image-1--content-left ext-animate--on is-style-ext-preset--image--natural-1--image-1--content-left--10\"><img loading=\"lazy\" decoding=\"async\" width=\"1024\" height=\"747\" src=\"https:\/\/artfrommei.com\/wp-content\/uploads\/2026\/02\/IMG_20260227_120830-11-1024x747.jpg\" alt=\"\" class=\"wp-image-1079\" style=\"aspect-ratio:4\/3;object-fit:cover\" srcset=\"https:\/\/artfrommei.com\/wp-content\/uploads\/2026\/02\/IMG_20260227_120830-11-1024x747.jpg 1024w, https:\/\/artfrommei.com\/wp-content\/uploads\/2026\/02\/IMG_20260227_120830-11-300x219.jpg 300w, https:\/\/artfrommei.com\/wp-content\/uploads\/2026\/02\/IMG_20260227_120830-11-768x560.jpg 768w, https:\/\/artfrommei.com\/wp-content\/uploads\/2026\/02\/IMG_20260227_120830-11-1536x1120.jpg 1536w, https:\/\/artfrommei.com\/wp-content\/uploads\/2026\/02\/IMG_20260227_120830-11-16x12.jpg 16w, https:\/\/artfrommei.com\/wp-content\/uploads\/2026\/02\/IMG_20260227_120830-11.jpg 2019w\" sizes=\"auto, (max-width: 1024px) 100vw, 1024px\" \/><\/figure>\n<\/div>\n\n\n\n<div class=\"wp-block-column is-vertically-aligned-center is-layout-flow wp-block-column-is-layout-flow\">\n<h2 class=\"wp-block-heading ext-animate--on\">Akrylm\u00e5lningar<\/h2>\n\n\n\n<p class=\"ext-animate--on\" style=\"margin-top:1.5rem\"><\/p>\n\n\n\n<div class=\"wp-block-buttons ext-animate--on is-layout-flex wp-block-buttons-is-layout-flex\">\n<div class=\"wp-block-button is-style-ext-preset--button--natural-1--button-1 is-style-ext-preset--button--natural-1--button-1--11\"><a class=\"wp-block-button__link wp-element-button\" href=\"https:\/\/artfrommei.com\/en\/akrylmalningar\/\">Se akrylm\u00e5lningar<\/a><\/div>\n<\/div>\n<\/div>\n<\/div>\n\n\n\n<div class=\"wp-block-columns alignwide are-vertically-aligned-center is-layout-flex wp-container-core-columns-is-layout-174606dc wp-block-columns-is-layout-flex\">\n<div class=\"wp-block-column is-vertically-aligned-center is-layout-flow wp-block-column-is-layout-flow\">\n<figure class=\"wp-block-image size-large is-style-ext-preset--image--natural-1--image-1--content-left ext-animate--on is-style-ext-preset--image--natural-1--image-1--content-left--12\"><img loading=\"lazy\" decoding=\"async\" width=\"1024\" height=\"758\" src=\"https:\/\/artfrommei.com\/wp-content\/uploads\/2026\/02\/IMG_20260208_134055_edit_245669244106783-11-1024x758.jpg\" alt=\"\" class=\"wp-image-1100\" style=\"aspect-ratio:4\/3;object-fit:cover\" srcset=\"https:\/\/artfrommei.com\/wp-content\/uploads\/2026\/02\/IMG_20260208_134055_edit_245669244106783-11-1024x758.jpg 1024w, https:\/\/artfrommei.com\/wp-content\/uploads\/2026\/02\/IMG_20260208_134055_edit_245669244106783-11-300x222.jpg 300w, https:\/\/artfrommei.com\/wp-content\/uploads\/2026\/02\/IMG_20260208_134055_edit_245669244106783-11-768x569.jpg 768w, https:\/\/artfrommei.com\/wp-content\/uploads\/2026\/02\/IMG_20260208_134055_edit_245669244106783-11-1536x1137.jpg 1536w, https:\/\/artfrommei.com\/wp-content\/uploads\/2026\/02\/IMG_20260208_134055_edit_245669244106783-11-16x12.jpg 16w, https:\/\/artfrommei.com\/wp-content\/uploads\/2026\/02\/IMG_20260208_134055_edit_245669244106783-11.jpg 1981w\" sizes=\"auto, (max-width: 1024px) 100vw, 1024px\" \/><\/figure>\n<\/div>\n\n\n\n<div class=\"wp-block-column is-vertically-aligned-center is-layout-flow wp-block-column-is-layout-flow\">\n<h2 class=\"wp-block-heading ext-animate--on\">M\u00e5lningar med passepartou<\/h2>\n\n\n\n<p class=\"ext-animate--on\" style=\"margin-top:1.5rem\"><\/p>\n\n\n\n<div class=\"wp-block-buttons ext-animate--on is-layout-flex wp-block-buttons-is-layout-flex\">\n<div class=\"wp-block-button is-style-ext-preset--button--natural-1--button-1 is-style-ext-preset--button--natural-1--button-1--13\"><a class=\"wp-block-button__link wp-element-button\" href=\"https:\/\/artfrommei.com\/en\/passepartoutmalningar\/\">Se  kollektionen med passepartout<\/a><\/div>\n<\/div>\n<\/div>\n<\/div>\n\n\n\n<div class=\"wp-block-columns alignwide are-vertically-aligned-center is-layout-flex wp-container-core-columns-is-layout-174606dc wp-block-columns-is-layout-flex\">\n<div class=\"wp-block-column is-vertically-aligned-center is-layout-flow wp-block-column-is-layout-flow\">\n<figure class=\"wp-block-image size-full is-style-ext-preset--image--natural-1--image-1--content-left ext-animate--on is-style-ext-preset--image--natural-1--image-1--content-left--14\"><img loading=\"lazy\" decoding=\"async\" width=\"1014\" height=\"761\" src=\"https:\/\/artfrommei.com\/wp-content\/uploads\/2026\/03\/Screenshot_20260225_201359.jpg\" alt=\"\" class=\"wp-image-1220\" style=\"aspect-ratio:4\/3;object-fit:cover\" srcset=\"https:\/\/artfrommei.com\/wp-content\/uploads\/2026\/03\/Screenshot_20260225_201359.jpg 1014w, https:\/\/artfrommei.com\/wp-content\/uploads\/2026\/03\/Screenshot_20260225_201359-300x225.jpg 300w, https:\/\/artfrommei.com\/wp-content\/uploads\/2026\/03\/Screenshot_20260225_201359-768x576.jpg 768w, https:\/\/artfrommei.com\/wp-content\/uploads\/2026\/03\/Screenshot_20260225_201359-16x12.jpg 16w\" sizes=\"auto, (max-width: 1014px) 100vw, 1014px\" \/><\/figure>\n<\/div>\n\n\n\n<div class=\"wp-block-column is-vertically-aligned-center is-layout-flow wp-block-column-is-layout-flow\">\n<h2 class=\"wp-block-heading ext-animate--on\">Tidigare s\u00e5lda verk<\/h2>\n\n\n\n<p class=\"ext-animate--on\" style=\"margin-top:1.5rem\"><\/p>\n\n\n\n<div class=\"wp-block-buttons ext-animate--on is-layout-flex wp-block-buttons-is-layout-flex\">\n<div class=\"wp-block-button is-style-ext-preset--button--natural-1--button-1 is-style-ext-preset--button--natural-1--button-1--15\"><a class=\"wp-block-button__link wp-element-button\" href=\"https:\/\/artfrommei.com\/en\/tidigare-salda-verk\/\">Se tidigare s\u00e5lda verk<\/a><\/div>\n<\/div>\n<\/div>\n<\/div>\n<\/div>","protected":false},"excerpt":{"rendered":"<p>ArtfromMeis galleri H\u00e4r visar jag n\u00e5gra exempel p\u00e5 mitt m\u00e5leri. Om du \u00e4r intresserad av att k\u00f6pa en m\u00e5lning, klicka p\u00e5 &#8221;Kontakta mig&#8221; och fyll i dina uppgifter. Ange vilken m\u00e5lning du \u00e4r intresserad av. Landskapsm\u00e5lningar Blommotiv Fruktmotiv Mindre akvareller Akrylm\u00e5lningar M\u00e5lningar med passepartou Tidigare s\u00e5lda verk<\/p>","protected":false},"author":1,"featured_media":0,"parent":0,"menu_order":0,"comment_status":"closed","ping_status":"closed","template":"page-with-title","meta":{"footnotes":"[]"},"class_list":["post-19","page","type-page","status-publish","hentry"],"aioseo_notices":[],"_links":{"self":[{"href":"https:\/\/artfrommei.com\/en\/wp-json\/wp\/v2\/pages\/19","targetHints":{"allow":["GET"]}}],"collection":[{"href":"https:\/\/artfrommei.com\/en\/wp-json\/wp\/v2\/pages"}],"about":[{"href":"https:\/\/artfrommei.com\/en\/wp-json\/wp\/v2\/types\/page"}],"author":[{"embeddable":true,"href":"https:\/\/artfrommei.com\/en\/wp-json\/wp\/v2\/users\/1"}],"replies":[{"embeddable":true,"href":"https:\/\/artfrommei.com\/en\/wp-json\/wp\/v2\/comments?post=19"}],"version-history":[{"count":100,"href":"https:\/\/artfrommei.com\/en\/wp-json\/wp\/v2\/pages\/19\/revisions"}],"predecessor-version":[{"id":1287,"href":"https:\/\/artfrommei.com\/en\/wp-json\/wp\/v2\/pages\/19\/revisions\/1287"}],"wp:attachment":[{"href":"https:\/\/artfrommei.com\/en\/wp-json\/wp\/v2\/media?parent=19"}],"curies":[{"name":"wp","href":"https:\/\/api.w.org\/{rel}","templated":true}]}}